{"id":25,"date":"2016-03-16T18:44:21","date_gmt":"2016-03-16T17:44:21","guid":{"rendered":"http:\/\/www.valentin-spectacle.fr\/?page_id=25"},"modified":"2016-03-18T08:20:48","modified_gmt":"2016-03-18T07:20:48","slug":"la-ronde","status":"publish","type":"page","link":"http:\/\/www.valentin-spectacle.fr\/?page_id=25","title":{"rendered":"La ronde des instruments"},"content":{"rendered":"<p><img loading=\"lazy\" class=\" wp-image-79 alignleft\" src=\"http:\/\/www.valentin-spectacle.fr\/wp-content\/uploads\/LA-RONDE-DES-INSTRUMENTS-visuel-sans-tel-300x218.jpg\" alt=\"LA RONDE DES INSTRUMENTS-visuel-sans-tel\" width=\"268\" height=\"195\" srcset=\"http:\/\/www.valentin-spectacle.fr\/wp-content\/uploads\/LA-RONDE-DES-INSTRUMENTS-visuel-sans-tel-300x218.jpg 300w, http:\/\/www.valentin-spectacle.fr\/wp-content\/uploads\/LA-RONDE-DES-INSTRUMENTS-visuel-sans-tel-768x558.jpg 768w, http:\/\/www.valentin-spectacle.fr\/wp-content\/uploads\/LA-RONDE-DES-INSTRUMENTS-visuel-sans-tel.jpg 826w\" sizes=\"(max-width: 268px) 100vw, 268px\" \/>Ce conte musical jou\u00e9 par un com\u00e9dien-musicien nous fait d\u00e9couvrir gr\u00e2ce \u00e0 la magie du \u00ab\u00a0looper\u00a0\u00bb. La fabrication d&rsquo;une chanson en plusieurs \u00e9tapes, le rythme, l&rsquo;harmonie puis la m\u00e9lodie.<\/p>\n<p><strong>L&rsquo;histoire<\/strong><\/p>\n<p>M. Ronchon ronchonne, il n&rsquo;aime plus la musique, les enfants, le bruit !<br \/>\nAlors que les enfants de la cr\u00e8che voisine faisaient de la musique, il arrive et confisque tous les instruments.<br \/>\nPendant quelques temps il est bien heureux\u2026. Mais un jour il n&rsquo;en peut plus de ce silence, alors il retourne voir les enfants pour que la vie reprenne !<br \/>\nH\u00e9las les enfants ne savent plus faire de musique. Ils font donc appel \u00e0 Valentin, qui avec ses amis\u00a0: Sophie la sono, le tambour, le tambourin, Mme la guitare, Mr le m\u00e9tallophone et la fl\u00fbte traversi\u00e8re cr\u00e9ent en direct une musique et une chanson pour rendre le sourire \u00e0 M. Ronchon.<\/p>\n","protected":false},"excerpt":{"rendered":"<p>Ce conte musical jou\u00e9 par un com\u00e9dien-musicien nous fait d\u00e9couvrir gr\u00e2ce \u00e0 la magie du \u00ab\u00a0looper\u00a0\u00bb. La fabrication d&rsquo;une chanson en plusieurs \u00e9tapes, le rythme, l&rsquo;harmonie puis la m\u00e9lodie. L&rsquo;histoire M. Ronchon ronchonne, il n&rsquo;aime plus la musique, les enfants, le bruit ! Alors que les enfants de la cr\u00e8che voisine faisaient de la musique, &hellip; <a href=\"http:\/\/www.valentin-spectacle.fr\/?page_id=25\" class=\"more-link\">Continuer la lecture de <span class=\"screen-reader-text\">La ronde des instruments<\/span><\/a><\/p>\n","protected":false},"author":1,"featured_media":0,"parent":0,"menu_order":0,"comment_status":"closed","ping_status":"closed","template":"","meta":[],"_links":{"self":[{"href":"http:\/\/www.valentin-spectacle.fr\/index.php?rest_route=\/wp\/v2\/pages\/25"}],"collection":[{"href":"http:\/\/www.valentin-spectacle.fr\/index.php?rest_route=\/wp\/v2\/pages"}],"about":[{"href":"http:\/\/www.valentin-spectacle.fr\/index.php?rest_route=\/wp\/v2\/types\/page"}],"author":[{"embeddable":true,"href":"http:\/\/www.valentin-spectacle.fr\/index.php?rest_route=\/wp\/v2\/users\/1"}],"replies":[{"embeddable":true,"href":"http:\/\/www.valentin-spectacle.fr\/index.php?rest_route=%2Fwp%2Fv2%2Fcomments&post=25"}],"version-history":[{"count":4,"href":"http:\/\/www.valentin-spectacle.fr\/index.php?rest_route=\/wp\/v2\/pages\/25\/revisions"}],"predecessor-version":[{"id":83,"href":"http:\/\/www.valentin-spectacle.fr\/index.php?rest_route=\/wp\/v2\/pages\/25\/revisions\/83"}],"wp:attachment":[{"href":"http:\/\/www.valentin-spectacle.fr\/index.php?rest_route=%2Fwp%2Fv2%2Fmedia&parent=25"}],"curies":[{"name":"wp","href":"https:\/\/api.w.org\/{rel}","templated":true}]}}