{"id":27,"date":"2016-03-16T18:48:38","date_gmt":"2016-03-16T17:48:38","guid":{"rendered":"http:\/\/www.valentin-spectacle.fr\/?page_id=27"},"modified":"2016-03-18T08:18:25","modified_gmt":"2016-03-18T07:18:25","slug":"les-musiques","status":"publish","type":"page","link":"http:\/\/www.valentin-spectacle.fr\/?page_id=27","title":{"rendered":"Les musiques Arc-en-ciel"},"content":{"rendered":"<p>&nbsp;<\/p>\n<p><img loading=\"lazy\" class=\"alignnone wp-image-47\" src=\"http:\/\/www.valentin-spectacle.fr\/wp-content\/uploads\/les-musiques-arc-ciel-300x223.png\" alt=\"les-musiques-arc-ciel\" width=\"324\" height=\"241\" srcset=\"http:\/\/www.valentin-spectacle.fr\/wp-content\/uploads\/les-musiques-arc-ciel-300x223.png 300w, http:\/\/www.valentin-spectacle.fr\/wp-content\/uploads\/les-musiques-arc-ciel-768x572.png 768w, http:\/\/www.valentin-spectacle.fr\/wp-content\/uploads\/les-musiques-arc-ciel-1024x763.png 1024w, http:\/\/www.valentin-spectacle.fr\/wp-content\/uploads\/les-musiques-arc-ciel.png 1720w\" sizes=\"(max-width: 324px) 100vw, 324px\" \/><img loading=\"lazy\" class=\"alignnone  wp-image-80\" src=\"http:\/\/www.valentin-spectacle.fr\/wp-content\/uploads\/LES-MUSIQUES-ARC-EN-CIEL-visuel-sans-tel-300x216.jpg\" alt=\"LES MUSIQUES ARC EN CIEL-visuel-sans-tel\" width=\"335\" height=\"241\" srcset=\"http:\/\/www.valentin-spectacle.fr\/wp-content\/uploads\/LES-MUSIQUES-ARC-EN-CIEL-visuel-sans-tel-300x216.jpg 300w, http:\/\/www.valentin-spectacle.fr\/wp-content\/uploads\/LES-MUSIQUES-ARC-EN-CIEL-visuel-sans-tel-768x553.jpg 768w, http:\/\/www.valentin-spectacle.fr\/wp-content\/uploads\/LES-MUSIQUES-ARC-EN-CIEL-visuel-sans-tel.jpg 826w\" sizes=\"(max-width: 335px) 100vw, 335px\" \/><\/p>\n<p>Ce conte musical jou\u00e9 par un com\u00e9dien-musicien\u00a0accompagn\u00e9 de ses instruments et d&rsquo;Hector sa marionnette\u00a0nous entra\u00eene dans les ritournelles de l\u2019enfance\u2026\u2026<\/p>\n<p>Une souris verte, L\u2019araign\u00e9e Gipsy, Les petits poissons, Pomme de Reinette\u2026\u2026<\/p>\n<p><strong>L&rsquo;histoire<\/strong><\/p>\n<p>Il \u00e9tait une fois une cr\u00e8che o\u00f9 les enfants chantaient le matin, l\u2019apr\u00e8s-midi, en allant manger bref ils chantaient tout le temps.\u00a0Mais ce matin la, Sacha est\u00a0bougon il veut la voiture de M\u00e9lissa, le doudou de F\u00e9lix \u2026..\u00a0\u00a0C\u2019est la bagarre, les cris, les pleurs.<\/p>\n<p>Pour que tout rentre dans l\u2019ordre ils d\u00e9cident de chanter mais impossible de retrouver les paroles\u00a0:\u00a0les comptines se sont enfuies\u00a0. Sur les conseils d\u2019Hector ils partent dans les autres cr\u00e8ches pour retrouver leurs chansons \u2026<\/p>\n<p>&nbsp;<\/p>\n","protected":false},"excerpt":{"rendered":"<p>&nbsp; Ce conte musical jou\u00e9 par un com\u00e9dien-musicien\u00a0accompagn\u00e9 de ses instruments et d&rsquo;Hector sa marionnette\u00a0nous entra\u00eene dans les ritournelles de l\u2019enfance\u2026\u2026 Une souris verte, L\u2019araign\u00e9e Gipsy, Les petits poissons, Pomme de Reinette\u2026\u2026 L&rsquo;histoire Il \u00e9tait une fois une cr\u00e8che o\u00f9 les enfants chantaient le matin, l\u2019apr\u00e8s-midi, en allant manger bref ils chantaient tout le temps.\u00a0Mais &hellip; <a href=\"http:\/\/www.valentin-spectacle.fr\/?page_id=27\" class=\"more-link\">Continuer la lecture de <span class=\"screen-reader-text\">Les musiques Arc-en-ciel<\/span><\/a><\/p>\n","protected":false},"author":1,"featured_media":0,"parent":0,"menu_order":0,"comment_status":"closed","ping_status":"closed","template":"","meta":[],"_links":{"self":[{"href":"http:\/\/www.valentin-spectacle.fr\/index.php?rest_route=\/wp\/v2\/pages\/27"}],"collection":[{"href":"http:\/\/www.valentin-spectacle.fr\/index.php?rest_route=\/wp\/v2\/pages"}],"about":[{"href":"http:\/\/www.valentin-spectacle.fr\/index.php?rest_route=\/wp\/v2\/types\/page"}],"author":[{"embeddable":true,"href":"http:\/\/www.valentin-spectacle.fr\/index.php?rest_route=\/wp\/v2\/users\/1"}],"replies":[{"embeddable":true,"href":"http:\/\/www.valentin-spectacle.fr\/index.php?rest_route=%2Fwp%2Fv2%2Fcomments&post=27"}],"version-history":[{"count":11,"href":"http:\/\/www.valentin-spectacle.fr\/index.php?rest_route=\/wp\/v2\/pages\/27\/revisions"}],"predecessor-version":[{"id":81,"href":"http:\/\/www.valentin-spectacle.fr\/index.php?rest_route=\/wp\/v2\/pages\/27\/revisions\/81"}],"wp:attachment":[{"href":"http:\/\/www.valentin-spectacle.fr\/index.php?rest_route=%2Fwp%2Fv2%2Fmedia&parent=27"}],"curies":[{"name":"wp","href":"https:\/\/api.w.org\/{rel}","templated":true}]}}