{"id":37,"date":"2016-03-16T18:58:31","date_gmt":"2016-03-16T17:58:31","guid":{"rendered":"http:\/\/www.valentin-spectacle.fr\/?page_id=37"},"modified":"2018-01-30T11:48:05","modified_gmt":"2018-01-30T10:48:05","slug":"livre-dor","status":"publish","type":"page","link":"https:\/\/www.valentin-spectacle.fr\/?page_id=37","title":{"rendered":"Livre d&rsquo;or"},"content":{"rendered":"<h3>La ronde des instruments<\/h3>\n<p><b>Cr\u00e8che l&rsquo;ilot&rsquo;z&rsquo;enfants h\u00f4pital Percy (Clamart)<\/b><br \/>\n<span style=\"font-family: Palatino,serif;\">L\u2019histoire est simple et correspond bien \u00e0 la population de notre cr\u00e8che les 3 mois \/3ans.<\/span><br \/>\n<span style=\"font-family: Palatino,serif;\">C\u2019est bien construit et captivant pour l\u2019ensemble des enfants.<\/span><br \/>\nLes parents nous ont fait un retour positif du spectacle<br \/>\nqu\u2019ils ont trouv\u00e9 tr\u00e8s doux et vraiment agr\u00e9able \u00e0 \u00e9couter.<br \/>\nLa musique adoucit les m\u0153urs. Merci pour ce joli moment.<br \/>\nJoli d\u00e9cor et belles marionnettes qui ont attir\u00e9 l\u2019\u0153il de tous les enfants.<span style=\"font-family: Palatino,serif;\"><br \/>\nDisponible aux enfants, cr\u00e9ant les interactions<br \/>\net surtout point positif, le fait d\u2019aller \u00e0 leurs rencontre avant le spectacle.<\/span><\/p>\n<h3>Les Musiques Arc-en-ciel<\/h3>\n<p><b>PMI Bertholet Arcueil<br \/>\n<\/b>Histoire tr\u00e8s gaie, enjou\u00e9e, rythm\u00e9e, adapt\u00e9e aux enfants,<b> <\/b>merci de la part des enfants,<br \/>\ndes parents et professionnels. Un tr\u00e8s bon moment.<\/p>\n<p><strong>Cr\u00e8che Familiale 95110 Sannois<\/strong><\/p>\n<p>Le Com\u00e9dien a su adopt\u00e9 un ton, un langage et des gestes tout \u00e0 fait adapt\u00e9s \u00e0 l\u2019\u00e2ge des enfants, faisant participer petits et grands.<\/p>\n<p><strong>RAM 27160 Breteuil sur Iton<\/strong><\/p>\n<p>Le rythme est bon, les enfants accrochent d\u00e8s les moments musicaux. Le com\u00e9dien est tr\u00e8s proche du public, abordable par un jeu simple et bien compr\u00e9hensible des enfants.<\/p>\n<p><strong>Cr\u00e8che 92260 Fontenay aux Roses<\/strong><\/p>\n<p>Histoire int\u00e9ressante se rapportant \u00e0 la vie quotidienne des enfants. D\u00e9cor simple mais color\u00e9 par la marionnette et les balles lumineuses. L\u2019accueil des enfants avec la guitare a \u00e9t\u00e9 appr\u00e9ci\u00e9, merci pour ce moment de partage.<\/p>\n<p><strong>PMI 94250 Gentilly<\/strong><\/p>\n<p>Tr\u00e8s adapt\u00e9 \u00e0 l\u2019\u00e2ge des enfants et tr\u00e8s bonne interaction avec le jeune public.<\/p>\n<p><strong>Multi Accueil 91320 Wissous<\/strong><\/p>\n<p>Bonne histoire qui reprend \u00ab\u00a0les classiques\u00a0\u00bb des chansons de cr\u00e8che. Les enfants ont \u00e9t\u00e9 tr\u00e8s attentifs au jeu du com\u00e9dien.<\/p>\n<p><strong>Cr\u00e8che 92120 Antony<\/strong><\/p>\n<p>Tr\u00e8s bon th\u00e8me, histoire bien pr\u00e9sent\u00e9e avec la musique, la marionnette \u00e9tait dr\u00f4le et bonne participation des enfants.<\/p>\n<p><strong>Jardin d\u2019enfants 75019 Paris<\/strong><\/p>\n<p>Histoire bien construite et bonne alternance entre guitare, chanson et marionnette.\u00a0D\u00e9cor sobre et attirant. Com\u00e9dien souriant et bonne interaction avec les enfants.<\/p>\n<blockquote><p><b>Cr\u00eache Galanaga Versailles (d\u00e9c 2016)<\/b><\/p>\n<p>Nous avons trouv\u00e9 l\u2019histoire adapt\u00e9e aux enfants, ni trop longue ni trop courte,<br \/>\nil y a eu des rythmes, des m\u00e9lodies connues,<br \/>\ndes chants, des musiques d\u2019instruments de musique\u2026<br \/>\nL\u2019histoire a \u00e9t\u00e9 un bon support li\u00e9 \u00e0 la vie en cr\u00e8che que les enfants connaissent\u2026<br \/>\nLe d\u00e9cor \u00e9tait simple mais efficace, accessible aux enfants, mais ceux-ci voulaient toucher,<br \/>\nil aurait peut-\u00eatre fallu dialoguer davantage avec eux pour les aider \u00e0 ne pas toucher le tapis.<br \/>\nMais sinon, tout \u00e9tait adapt\u00e9, avec des tissus de r\u00e9cup\u00e9ration ce qui est intelligent et bien trouv\u00e9<br \/>\nValentin est \u00e0 l\u2019aise, il conna\u00eet son m\u00e9tier et il est fier de la partager avec les enfants,<br \/>\nil est agile et sait tout faire (musique, jonglage, chants\u2026), ce qui est un vrai plus pour les enfants<br \/>\net les adultes qui ont pu s\u2019en inspirer\u00a0!<br \/>\nBon contacte, simple et avenant, aimable et disponible, rien \u00e0 redire<\/p><\/blockquote>\n<blockquote><p>\nC<b>r\u00e8che Familiale \u00ab\u00a0Les Lutins\u00a0\u00bb<\/b><br \/>\n<b>93330 Neuilly-sur-Marne<\/b><\/p>\n<p>L\u2019histoire est courte, adapt\u00e9e \u00e0 un jeune public. La ritournelle permet aux enfants de se reconcentrer<br \/>\net de rester dans le fil de l\u2019histoire. Les chansons \u00e9taient bien connues des enfants, ce qui a permis un certain dynamisme,<br \/>\nles enfants participant activement. Les assistantes maternelles qui \u00e9taient pr\u00e9sentes ont beaucoup appr\u00e9ci\u00e9 l\u2019histoire,<br \/>\nl\u2019accompagnement \u00e0 la guitare. Les rires et la participation des enfants ont continu\u00e9 de les convaincre. Ces derniers n\u2019ont cess\u00e9 de rire du d\u00e9but \u00e0 la fin.<br \/>\nLa voix du com\u00e9dien permettait aux enfants de vivre pleinement les diff\u00e9rents moments de l\u2019histoire, de jouer avec leurs \u00e9motions\u2026<br \/>\nLe d\u00e9cor est simple, peut-\u00eatre un peu sombre mais l\u2019essentiel y est. Il n\u2019est pas la composante de l\u2019histoire<br \/>\net donc il suffit au d\u00e9roulement de l\u2019histoire. Les enfants sont suffisamment proches de la sc\u00e8ne pour participer<br \/>\net peut-\u00eatre imaginer faire partie de l\u2019histoire. La marionnette, parce qu\u2019elle \u00e9tait seule, a beaucoup plu aux enfants. A chacune de ces sorties, c\u2019\u00e9tait des rires assur\u00e9s.<br \/>\nLe com\u00e9dien occupe bien la sc\u00e8ne\u00a0: par sa voix, par sa carrure, par sa pr\u00e9sence il invite \u00e0 lui seul les enfants \u00e0 entrer dans l\u2019histoire,<br \/>\n\u00e0 la vivre mais aussi \u00e0 se laisser surprendre\u2026 Du sol, son d\u00e9guisement rajoute \u00e0 la grandeur du personnage.<br \/>\nContact facile et agr\u00e9able. Il a \u00e9t\u00e9 r\u00e9actif \u00e0 chaque mail pour la pr\u00e9paration. Pendant et avant le spectacle,<br \/>\nil s\u2019est montr\u00e9 disponible avec les enfants, les laissant toucher et tester la guitare tout en expliquant calmement les limites.<\/p>\n<p><b>Creche D\u00e9partementale<\/b><b><br \/>\n<\/b><b> <\/b><b>E.dolet alfortville<\/b><b><br \/>\n<\/b><b> <\/b><\/p>\n<p>L\u2019histoire est amusante et pleine de dr\u00f4leries.<br \/>\nLes enfants reconnaissent les chansons de la cr\u00e8che.<br \/>\nAdultes et enfants reprennent alors les chants au son de la guitare de l\u2019artiste.<br \/>\nCe spectacle est bien adapt\u00e9 au tout jeunes enfants.<br \/>\nLes d\u00e9cors mettent en lumi\u00e8re et donnent vie aux personnages.<br \/>\nLes marionnettes n\u2019ont pas effray\u00e9es les enfants.<br \/>\nGr\u00e2ce \u00e0 sa voix et sa dext\u00e9rit\u00e9, le com\u00e9dien nous transporte dans un univers magique et f\u00e9erique.<br \/>\nNous avons appr\u00e9ci\u00e9s la pr\u00e9sence du com\u00e9dien avant le spectacle, dans les sections.<br \/>\nLes enfants ont fait connaissance avec lui et on eu la possibilit\u00e9 de \u00ab\u00a0gratter\u00a0\u00bb les cordes de sa guitare.<\/p>\n<p><b>Cr\u00e8che Paul Vaillant Couturier<\/b><b><br \/>\n<\/b><b>Maison alfort (94)<\/b><\/p>\n<p>L\u2019histoire est bien adapt\u00e9e aux enfants. Les chansons sont connues des enfants.<br \/>\nLes touches d\u2019humour \u00e9taient bienvenues et bien prises par les enfants.<br \/>\nLe d\u00e9cor est juste, simple. Des marionnettes, Hector la marionnette a fait rire.<br \/>\nUn bon jeu du com\u00e9dien. Un bon rythme pour l\u2019histoire.<br \/>\nUn bon contact avec le com\u00e9dien, nous avons appr\u00e9ci\u00e9 son passage<br \/>\ndans les sections avant le spectacle pour faire connaissance avec les enfants<br \/>\nTous les professionnelles ont dit avoir appr\u00e9ci\u00e9 ce spectacle. Il a convenu \u00e0 l\u2019ensemble.<br \/>\nUn bon spectacle Nous remercions, Valentin pour sa venue \u00e0 la cr\u00e8che.<\/p><\/blockquote>\n","protected":false},"excerpt":{"rendered":"<p>La ronde des instruments Cr\u00e8che l&rsquo;ilot&rsquo;z&rsquo;enfants h\u00f4pital Percy (Clamart) L\u2019histoire est simple et correspond bien \u00e0 la population de notre cr\u00e8che les 3 mois \/3ans. C\u2019est bien construit et captivant pour l\u2019ensemble des enfants. Les parents nous ont fait un retour positif du spectacle qu\u2019ils ont trouv\u00e9 tr\u00e8s doux et vraiment agr\u00e9able \u00e0 \u00e9couter. La &hellip; <a href=\"https:\/\/www.valentin-spectacle.fr\/?page_id=37\" class=\"more-link\">Continuer la lecture de <span class=\"screen-reader-text\">Livre d&rsquo;or<\/span><\/a><\/p>\n","protected":false},"author":1,"featured_media":0,"parent":0,"menu_order":0,"comment_status":"closed","ping_status":"closed","template":"","meta":[],"_links":{"self":[{"href":"https:\/\/www.valentin-spectacle.fr\/index.php?rest_route=\/wp\/v2\/pages\/37"}],"collection":[{"href":"https:\/\/www.valentin-spectacle.fr\/index.php?rest_route=\/wp\/v2\/pages"}],"about":[{"href":"https:\/\/www.valentin-spectacle.fr\/index.php?rest_route=\/wp\/v2\/types\/page"}],"author":[{"embeddable":true,"href":"https:\/\/www.valentin-spectacle.fr\/index.php?rest_route=\/wp\/v2\/users\/1"}],"replies":[{"embeddable":true,"href":"https:\/\/www.valentin-spectacle.fr\/index.php?rest_route=%2Fwp%2Fv2%2Fcomments&post=37"}],"version-history":[{"count":6,"href":"https:\/\/www.valentin-spectacle.fr\/index.php?rest_route=\/wp\/v2\/pages\/37\/revisions"}],"predecessor-version":[{"id":98,"href":"https:\/\/www.valentin-spectacle.fr\/index.php?rest_route=\/wp\/v2\/pages\/37\/revisions\/98"}],"wp:attachment":[{"href":"https:\/\/www.valentin-spectacle.fr\/index.php?rest_route=%2Fwp%2Fv2%2Fmedia&parent=37"}],"curies":[{"name":"wp","href":"https:\/\/api.w.org\/{rel}","templated":true}]}}